{"id":174,"date":"2021-11-24T10:02:53","date_gmt":"2021-11-24T10:02:53","guid":{"rendered":"https:\/\/rmce.pl\/?page_id=174"},"modified":"2024-11-13T21:48:10","modified_gmt":"2024-11-13T20:48:10","slug":"niwelacja-precyzyjna","status":"publish","type":"page","link":"https:\/\/rmce.pl\/en\/niwelacja-precyzyjna\/","title":{"rendered":"Levelling"},"content":{"rendered":"<div class=\"wp-block-media-text alignwide has-media-on-the-right is-stacked-on-mobile\"><div class=\"wp-block-media-text__content\">\n<h3 class=\"wp-block-heading\">Machine leveling<\/h3>\n\n\n\n<p class=\"has-text-align-justify\" style=\"font-size:16px\">RMCE provides precision height measurement services in support of machinery assembly and repair operations.<\/p>\n\n\n\n<p style=\"font-size:16px\">In the energy and industrial sectors, precision in the installation and servicing of machinery is key to ensuring its trouble-free operation and minimizing operational risks. That's why we offer comprehensive elevation leveling services, which are vital during the installation of new machinery, overhaul and foundation setting.<\/p>\n\n\n\n<p class=\"has-text-align-justify\" style=\"font-size:16px\">Precision leveling services are performed using modern measuring equipment - Topcon DL-501 code leveler. Combined with invar surveying patches, which ensure minimal thermal expansion and high dimensional stability, we guarantee the highest accuracy and repeatability of measurements.<\/p>\n<\/div><figure class=\"wp-block-media-text__media\"><img loading=\"lazy\" decoding=\"async\" width=\"1024\" height=\"628\" src=\"https:\/\/rmce.pl\/wp-content\/uploads\/2021\/11\/niwelator-1024x628-1.png\" alt=\"\" class=\"wp-image-236 size-full\" srcset=\"https:\/\/rmce.pl\/wp-content\/uploads\/2021\/11\/niwelator-1024x628-1.png 1024w, https:\/\/rmce.pl\/wp-content\/uploads\/2021\/11\/niwelator-1024x628-1-300x184.png 300w, https:\/\/rmce.pl\/wp-content\/uploads\/2021\/11\/niwelator-1024x628-1-768x471.png 768w\" sizes=\"auto, (max-width: 1024px) 100vw, 1024px\" \/><\/figure><\/div>\n\n\n\n<div class=\"wp-block-media-text alignwide is-stacked-on-mobile\"><figure class=\"wp-block-media-text__media\"><img loading=\"lazy\" decoding=\"async\" width=\"361\" height=\"481\" src=\"https:\/\/rmce.pl\/wp-content\/uploads\/2021\/11\/image.png\" alt=\"\" class=\"wp-image-237 size-full\" srcset=\"https:\/\/rmce.pl\/wp-content\/uploads\/2021\/11\/image.png 361w, https:\/\/rmce.pl\/wp-content\/uploads\/2021\/11\/image-225x300.png 225w\" sizes=\"auto, (max-width: 361px) 100vw, 361px\" \/><\/figure><div class=\"wp-block-media-text__content\">\n<h3 class=\"wp-block-heading\">Leveling services<\/h3>\n\n\n\n<p style=\"font-size:16px\">A device with this class of measurement resolution, together with instrumentation, allows to perform a wide range of services<\/p>\n\n\n\n<ol class=\"wp-block-list\">\n<li style=\"font-size:16px\">geodetic leveling for general construction works<\/li>\n\n\n\n<li style=\"font-size:16px\">vertical positioning of foundation slab and supports;<\/li>\n\n\n\n<li style=\"font-size:16px\"><strong>positioning of bearing stands<\/strong> in the vertical direction - elevation, inclination;<\/li>\n\n\n\n<li style=\"font-size:16px\"><strong>positioning of machine casings<\/strong> based on measurements on the split plane;<\/li>\n\n\n\n<li style=\"font-size:16px\">correct the position of plain bearings, mounted in the bearing grooves in stands. Measurements are carried out on plain bearing liner material;<\/li>\n\n\n\n<li style=\"font-size:16px\"><strong>determining the shape of the line of shafts<\/strong> of rotating machines coupled along the axis of rotation of the shafts, based on measurements on bearing journals;<\/li>\n\n\n\n<li style=\"font-size:16px\">determining the position of the shaft line in relation to the level;<\/li>\n\n\n\n<li style=\"font-size:16px\">measurement of vertical machine displacements as a result of changes in the thermal conditions of the machine;<\/li>\n\n\n\n<li style=\"font-size:16px\"><strong>inventory, before repair<\/strong> of vertical location of machine parts, relative to each other.<\/li>\n<\/ol>\n\n\n\n<p><\/p>\n<\/div><\/div>\n\n\n\n<p><\/p>","protected":false},"excerpt":{"rendered":"<p>RMCE machinery leveling provides precision height measurement services to support machinery assembly and overhaul operations. In the energy and industrial sectors, precision in the installation and servicing of machinery is crucial to ensure trouble-free operation and minimize operational risks. That's why we offer comprehensive elevation leveling services, which are vital during the installation of new machinery, overhaul and foundation setting. Services [...]<\/p>","protected":false},"author":1,"featured_media":0,"parent":0,"menu_order":0,"comment_status":"closed","ping_status":"closed","template":"","meta":{"footnotes":""},"class_list":["post-174","page","type-page","status-publish","hentry"],"yoast_head":"<!-- This site is optimized with the Yoast SEO plugin v26.3 - https:\/\/yoast.com\/wordpress\/plugins\/seo\/ -->\n<title>Niwelacja precyzyjna - RMCE<\/title>\n<meta name=\"robots\" content=\"index, follow, max-snippet:-1, max-image-preview:large, max-video-preview:-1\" \/>\n<link rel=\"canonical\" href=\"https:\/\/rmce.pl\/en\/niwelacja-precyzyjna\/\" \/>\n<meta property=\"og:locale\" content=\"en_US\" \/>\n<meta property=\"og:type\" content=\"article\" \/>\n<meta property=\"og:title\" content=\"Niwelacja precyzyjna - RMCE\" \/>\n<meta property=\"og:description\" content=\"Niwelacja maszyn RMCE \u015bwiadczy us\u0142ugi precyzyjnych pomiar\u00f3w wysoko\u015bciowych wspieraj\u0105cych operacje monta\u017cu i remont\u00f3w maszyn. W bran\u017cy energetycznej i przemys\u0142owej precyzja w monta\u017cu oraz serwisie maszyn jest kluczowa dla zapewnienia ich bezawaryjnej pracy i minimalizacji ryzyka eksploatacyjnego. Dlatego oferujemy kompleksowe us\u0142ugi niwelacji wysoko\u015bciowej, kt\u00f3re s\u0105 niezwykle istotne podczas monta\u017cu nowych maszyn, remont\u00f3w oraz ustawienia fundament\u00f3w. Us\u0142ugi [&hellip;]\" \/>\n<meta property=\"og:url\" content=\"https:\/\/rmce.pl\/en\/niwelacja-precyzyjna\/\" \/>\n<meta property=\"og:site_name\" content=\"RMCE\" \/>\n<meta property=\"article:modified_time\" content=\"2024-11-13T20:48:10+00:00\" \/>\n<meta property=\"og:image\" content=\"https:\/\/rmce.pl\/wp-content\/uploads\/2021\/11\/niwelator-1024x628-1.png\" \/>\n\t<meta property=\"og:image:width\" content=\"1024\" \/>\n\t<meta property=\"og:image:height\" content=\"628\" \/>\n\t<meta property=\"og:image:type\" content=\"image\/png\" \/>\n<meta name=\"twitter:card\" content=\"summary_large_image\" \/>\n<meta name=\"twitter:label1\" content=\"Est. reading time\" \/>\n\t<meta name=\"twitter:data1\" content=\"2 minutes\" \/>\n<script type=\"application\/ld+json\" class=\"yoast-schema-graph\">{\"@context\":\"https:\/\/schema.org\",\"@graph\":[{\"@type\":\"WebPage\",\"@id\":\"https:\/\/rmce.pl\/niwelacja-precyzyjna\/\",\"url\":\"https:\/\/rmce.pl\/niwelacja-precyzyjna\/\",\"name\":\"Niwelacja precyzyjna - RMCE\",\"isPartOf\":{\"@id\":\"https:\/\/rmce.pl\/#website\"},\"primaryImageOfPage\":{\"@id\":\"https:\/\/rmce.pl\/niwelacja-precyzyjna\/#primaryimage\"},\"image\":{\"@id\":\"https:\/\/rmce.pl\/niwelacja-precyzyjna\/#primaryimage\"},\"thumbnailUrl\":\"https:\/\/rmce.pl\/wp-content\/uploads\/2021\/11\/niwelator-1024x628-1.png\",\"datePublished\":\"2021-11-24T10:02:53+00:00\",\"dateModified\":\"2024-11-13T20:48:10+00:00\",\"breadcrumb\":{\"@id\":\"https:\/\/rmce.pl\/niwelacja-precyzyjna\/#breadcrumb\"},\"inLanguage\":\"en-US\",\"potentialAction\":[{\"@type\":\"ReadAction\",\"target\":[\"https:\/\/rmce.pl\/niwelacja-precyzyjna\/\"]}]},{\"@type\":\"ImageObject\",\"inLanguage\":\"en-US\",\"@id\":\"https:\/\/rmce.pl\/niwelacja-precyzyjna\/#primaryimage\",\"url\":\"https:\/\/rmce.pl\/wp-content\/uploads\/2021\/11\/niwelator-1024x628-1.png\",\"contentUrl\":\"https:\/\/rmce.pl\/wp-content\/uploads\/2021\/11\/niwelator-1024x628-1.png\"},{\"@type\":\"BreadcrumbList\",\"@id\":\"https:\/\/rmce.pl\/niwelacja-precyzyjna\/#breadcrumb\",\"itemListElement\":[{\"@type\":\"ListItem\",\"position\":1,\"name\":\"Strona g\u0142\u00f3wna\",\"item\":\"https:\/\/rmce.pl\/\"},{\"@type\":\"ListItem\",\"position\":2,\"name\":\"Niwelacja precyzyjna\"}]},{\"@type\":\"WebSite\",\"@id\":\"https:\/\/rmce.pl\/#website\",\"url\":\"https:\/\/rmce.pl\/\",\"name\":\"RMCE\",\"description\":\"Remonty turbin, generator\u00f3w, in\u017cynieria, prace mechaniczne na \u0142o\u017cyskach, dostawy cz\u0119\u015bci\",\"publisher\":{\"@id\":\"https:\/\/rmce.pl\/#organization\"},\"potentialAction\":[{\"@type\":\"SearchAction\",\"target\":{\"@type\":\"EntryPoint\",\"urlTemplate\":\"https:\/\/rmce.pl\/?s={search_term_string}\"},\"query-input\":{\"@type\":\"PropertyValueSpecification\",\"valueRequired\":true,\"valueName\":\"search_term_string\"}}],\"inLanguage\":\"en-US\"},{\"@type\":\"Organization\",\"@id\":\"https:\/\/rmce.pl\/#organization\",\"name\":\"RMCE\",\"url\":\"https:\/\/rmce.pl\/\",\"logo\":{\"@type\":\"ImageObject\",\"inLanguage\":\"en-US\",\"@id\":\"https:\/\/rmce.pl\/#\/schema\/logo\/image\/\",\"url\":\"https:\/\/rmce.pl\/wp-content\/uploads\/2021\/02\/cropped-cropped-RMCE_logo_S_T-e1614452395329-1.png\",\"contentUrl\":\"https:\/\/rmce.pl\/wp-content\/uploads\/2021\/02\/cropped-cropped-RMCE_logo_S_T-e1614452395329-1.png\",\"width\":794,\"height\":254,\"caption\":\"RMCE\"},\"image\":{\"@id\":\"https:\/\/rmce.pl\/#\/schema\/logo\/image\/\"}}]}<\/script>\n<!-- \/ Yoast SEO plugin. -->","yoast_head_json":{"title":"Precision leveling - RMCE","robots":{"index":"index","follow":"follow","max-snippet":"max-snippet:-1","max-image-preview":"max-image-preview:large","max-video-preview":"max-video-preview:-1"},"canonical":"https:\/\/rmce.pl\/en\/niwelacja-precyzyjna\/","og_locale":"en_US","og_type":"article","og_title":"Niwelacja precyzyjna - RMCE","og_description":"Niwelacja maszyn RMCE \u015bwiadczy us\u0142ugi precyzyjnych pomiar\u00f3w wysoko\u015bciowych wspieraj\u0105cych operacje monta\u017cu i remont\u00f3w maszyn. W bran\u017cy energetycznej i przemys\u0142owej precyzja w monta\u017cu oraz serwisie maszyn jest kluczowa dla zapewnienia ich bezawaryjnej pracy i minimalizacji ryzyka eksploatacyjnego. Dlatego oferujemy kompleksowe us\u0142ugi niwelacji wysoko\u015bciowej, kt\u00f3re s\u0105 niezwykle istotne podczas monta\u017cu nowych maszyn, remont\u00f3w oraz ustawienia fundament\u00f3w. Us\u0142ugi [&hellip;]","og_url":"https:\/\/rmce.pl\/en\/niwelacja-precyzyjna\/","og_site_name":"RMCE","article_modified_time":"2024-11-13T20:48:10+00:00","og_image":[{"width":1024,"height":628,"url":"https:\/\/rmce.pl\/wp-content\/uploads\/2021\/11\/niwelator-1024x628-1.png","type":"image\/png"}],"twitter_card":"summary_large_image","twitter_misc":{"Est. reading time":"2 minutes"},"schema":{"@context":"https:\/\/schema.org","@graph":[{"@type":"WebPage","@id":"https:\/\/rmce.pl\/niwelacja-precyzyjna\/","url":"https:\/\/rmce.pl\/niwelacja-precyzyjna\/","name":"Precision leveling - RMCE","isPartOf":{"@id":"https:\/\/rmce.pl\/#website"},"primaryImageOfPage":{"@id":"https:\/\/rmce.pl\/niwelacja-precyzyjna\/#primaryimage"},"image":{"@id":"https:\/\/rmce.pl\/niwelacja-precyzyjna\/#primaryimage"},"thumbnailUrl":"https:\/\/rmce.pl\/wp-content\/uploads\/2021\/11\/niwelator-1024x628-1.png","datePublished":"2021-11-24T10:02:53+00:00","dateModified":"2024-11-13T20:48:10+00:00","breadcrumb":{"@id":"https:\/\/rmce.pl\/niwelacja-precyzyjna\/#breadcrumb"},"inLanguage":"en-US","potentialAction":[{"@type":"ReadAction","target":["https:\/\/rmce.pl\/niwelacja-precyzyjna\/"]}]},{"@type":"ImageObject","inLanguage":"en-US","@id":"https:\/\/rmce.pl\/niwelacja-precyzyjna\/#primaryimage","url":"https:\/\/rmce.pl\/wp-content\/uploads\/2021\/11\/niwelator-1024x628-1.png","contentUrl":"https:\/\/rmce.pl\/wp-content\/uploads\/2021\/11\/niwelator-1024x628-1.png"},{"@type":"BreadcrumbList","@id":"https:\/\/rmce.pl\/niwelacja-precyzyjna\/#breadcrumb","itemListElement":[{"@type":"ListItem","position":1,"name":"Strona g\u0142\u00f3wna","item":"https:\/\/rmce.pl\/"},{"@type":"ListItem","position":2,"name":"Niwelacja precyzyjna"}]},{"@type":"WebSite","@id":"https:\/\/rmce.pl\/#website","url":"https:\/\/rmce.pl\/","name":"RMCE","description":"Overhaul of turbines, generators, engineering, mechanical work on bearings, parts supply","publisher":{"@id":"https:\/\/rmce.pl\/#organization"},"potentialAction":[{"@type":"SearchAction","target":{"@type":"EntryPoint","urlTemplate":"https:\/\/rmce.pl\/?s={search_term_string}"},"query-input":{"@type":"PropertyValueSpecification","valueRequired":true,"valueName":"search_term_string"}}],"inLanguage":"en-US"},{"@type":"Organization","@id":"https:\/\/rmce.pl\/#organization","name":"RMCE","url":"https:\/\/rmce.pl\/","logo":{"@type":"ImageObject","inLanguage":"en-US","@id":"https:\/\/rmce.pl\/#\/schema\/logo\/image\/","url":"https:\/\/rmce.pl\/wp-content\/uploads\/2021\/02\/cropped-cropped-RMCE_logo_S_T-e1614452395329-1.png","contentUrl":"https:\/\/rmce.pl\/wp-content\/uploads\/2021\/02\/cropped-cropped-RMCE_logo_S_T-e1614452395329-1.png","width":794,"height":254,"caption":"RMCE"},"image":{"@id":"https:\/\/rmce.pl\/#\/schema\/logo\/image\/"}}]}},"jetpack_sharing_enabled":true,"_links":{"self":[{"href":"https:\/\/rmce.pl\/en\/wp-json\/wp\/v2\/pages\/174","targetHints":{"allow":["GET"]}}],"collection":[{"href":"https:\/\/rmce.pl\/en\/wp-json\/wp\/v2\/pages"}],"about":[{"href":"https:\/\/rmce.pl\/en\/wp-json\/wp\/v2\/types\/page"}],"author":[{"embeddable":true,"href":"https:\/\/rmce.pl\/en\/wp-json\/wp\/v2\/users\/1"}],"replies":[{"embeddable":true,"href":"https:\/\/rmce.pl\/en\/wp-json\/wp\/v2\/comments?post=174"}],"version-history":[{"count":5,"href":"https:\/\/rmce.pl\/en\/wp-json\/wp\/v2\/pages\/174\/revisions"}],"predecessor-version":[{"id":481,"href":"https:\/\/rmce.pl\/en\/wp-json\/wp\/v2\/pages\/174\/revisions\/481"}],"wp:attachment":[{"href":"https:\/\/rmce.pl\/en\/wp-json\/wp\/v2\/media?parent=174"}],"curies":[{"name":"wp","href":"https:\/\/api.w.org\/{rel}","templated":true}]}}