{"id":170,"date":"2021-11-24T10:01:41","date_gmt":"2021-11-24T10:01:41","guid":{"rendered":"https:\/\/rmce.pl\/?page_id=170"},"modified":"2024-11-12T23:37:40","modified_gmt":"2024-11-12T22:37:40","slug":"czesci-zamienne","status":"publish","type":"page","link":"https:\/\/rmce.pl\/en\/czesci-zamienne\/","title":{"rendered":"Spare parts"},"content":{"rendered":"<div class=\"wp-block-media-text alignwide has-media-on-the-right is-stacked-on-mobile\" style=\"grid-template-columns:auto 51%\"><div class=\"wp-block-media-text__content\">\n<p class=\"has-text-align-justify\">Daily and emergency maintenance requires quick reactions. Our team have required experience in reverse engineering process with understanding of parts actual purpose and working environment.<\/p>\n\n\n\n<p class=\"has-text-align-justify\">With appropriate tools we conduct dimensional control taking special attention on critical dimensions, prepare technical documentation and manufacturing drawings. If unknown, with partners we can check original material completing all the data required for reversed component delivery.<\/p>\n\n\n\n<p class=\"has-text-align-justify\">Years in energy industry having the desired result in our contacts and established supply chain with partners ISO:9001 certified. <strong>RMCE <\/strong>can provide all components of rotating equipment which are usually subject of wearing out or damages and in consequence - replacement<\/p>\n\n\n\n<p><\/p>\n<\/div><figure class=\"wp-block-media-text__media\"><img loading=\"lazy\" decoding=\"async\" width=\"608\" height=\"316\" src=\"https:\/\/rmce.pl\/wp-content\/uploads\/2021\/11\/diaphr.png\" alt=\"\" class=\"wp-image-212 size-full\" srcset=\"https:\/\/rmce.pl\/wp-content\/uploads\/2021\/11\/diaphr.png 608w, https:\/\/rmce.pl\/wp-content\/uploads\/2021\/11\/diaphr-300x156.png 300w\" sizes=\"auto, (max-width: 608px) 100vw, 608px\" \/><\/figure><\/div>\n\n\n\n<div class=\"wp-block-media-text alignwide is-stacked-on-mobile is-vertically-aligned-center\"><figure class=\"wp-block-media-text__media\"><img loading=\"lazy\" decoding=\"async\" width=\"1024\" height=\"474\" src=\"https:\/\/rmce.pl\/wp-content\/uploads\/2021\/11\/diaph_tar-1024x474.jpg\" alt=\"\" class=\"wp-image-213 size-full\" srcset=\"https:\/\/rmce.pl\/wp-content\/uploads\/2021\/11\/diaph_tar-1024x474.jpg 1024w, https:\/\/rmce.pl\/wp-content\/uploads\/2021\/11\/diaph_tar-300x139.jpg 300w, https:\/\/rmce.pl\/wp-content\/uploads\/2021\/11\/diaph_tar-768x356.jpg 768w, https:\/\/rmce.pl\/wp-content\/uploads\/2021\/11\/diaph_tar-1536x711.jpg 1536w, https:\/\/rmce.pl\/wp-content\/uploads\/2021\/11\/diaph_tar.jpg 1920w\" sizes=\"auto, (max-width: 1024px) 100vw, 1024px\" \/><\/figure><div class=\"wp-block-media-text__content\">\n<ul class=\"wp-block-list\">\n<li>Bearings, complete new and white metal repaired on segments;<\/li>\n\n\n\n<li>Sealing rings; <\/li>\n\n\n\n<li>Fastening elements; bolts, studs, nuts;<\/li>\n\n\n\n<li>Valve parts (also coated, nitrated, stellite welded)<\/li>\n\n\n\n<li>Flow path sealing segments;<\/li>\n\n\n\n<li>Diaphragms;<\/li>\n\n\n\n<li>Nozzle segments and diaphragms manufactured from monolith (without welding);<\/li>\n\n\n\n<li>Seals<\/li>\n<\/ul>\n\n\n\n<p><\/p>\n<\/div><\/div>","protected":false},"excerpt":{"rendered":"<p>Daily and emergency maintenance of equipment requires quick responses. Our team has the required experience in the reverse engineering process, performing the task with a full understanding of the proper purpose of the components and the operating environment. Using the appropriate tools, we perform dimensional inspection of components, paying special attention to critical dimensions and fits with assembly needs in mind. We prepare manufacturing documentation and, if necessary, [...]<\/p>","protected":false},"author":1,"featured_media":0,"parent":0,"menu_order":0,"comment_status":"closed","ping_status":"closed","template":"","meta":{"footnotes":""},"class_list":["post-170","page","type-page","status-publish","hentry"],"yoast_head":"<!-- This site is optimized with the Yoast SEO plugin v26.3 - https:\/\/yoast.com\/wordpress\/plugins\/seo\/ -->\n<title>Cz\u0119\u015bci zamienne - RMCE<\/title>\n<meta name=\"robots\" content=\"index, follow, max-snippet:-1, max-image-preview:large, max-video-preview:-1\" \/>\n<link rel=\"canonical\" href=\"https:\/\/rmce.pl\/en\/czesci-zamienne\/\" \/>\n<meta property=\"og:locale\" content=\"en_US\" \/>\n<meta property=\"og:type\" content=\"article\" \/>\n<meta property=\"og:title\" content=\"Cz\u0119\u015bci zamienne - RMCE\" \/>\n<meta property=\"og:description\" content=\"Codzienne i awaryjne utrzymanie urz\u0105dze\u0144 wymaga szybkich reakcji. Nasz zesp\u00f3\u0142 posiada wymagane do\u015bwiadczenie w procesie in\u017cynierii odwrotnej, wykonuj\u0105c zadanie z pe\u0142nym zrozumieniem w\u0142a\u015bciwego przeznaczenia element\u00f3w i \u015brodowiska pracy. Przy u\u017cyciu stosownych narz\u0119dzi przeprowadzany kontrol\u0119 wymiarow\u0105 element\u00f3w, zwracaj\u0105c szczeg\u00f3ln\u0105 uwag\u0119 na wymiary krytyczne i pasowania z uwzgl\u0119dnieniem potrzeb monta\u017cowych. Przygotowujemy dokumentacj\u0119 wykonawcz\u0105 i w razie potrzeby [&hellip;]\" \/>\n<meta property=\"og:url\" content=\"https:\/\/rmce.pl\/en\/czesci-zamienne\/\" \/>\n<meta property=\"og:site_name\" content=\"RMCE\" \/>\n<meta property=\"article:modified_time\" content=\"2024-11-12T22:37:40+00:00\" \/>\n<meta property=\"og:image\" content=\"https:\/\/rmce.pl\/wp-content\/uploads\/2021\/11\/diaphr.png\" \/>\n\t<meta property=\"og:image:width\" content=\"608\" \/>\n\t<meta property=\"og:image:height\" content=\"316\" \/>\n\t<meta property=\"og:image:type\" content=\"image\/png\" \/>\n<meta name=\"twitter:card\" content=\"summary_large_image\" \/>\n<meta name=\"twitter:label1\" content=\"Est. reading time\" \/>\n\t<meta name=\"twitter:data1\" content=\"2 minutes\" \/>\n<script type=\"application\/ld+json\" class=\"yoast-schema-graph\">{\"@context\":\"https:\/\/schema.org\",\"@graph\":[{\"@type\":\"WebPage\",\"@id\":\"https:\/\/rmce.pl\/czesci-zamienne\/\",\"url\":\"https:\/\/rmce.pl\/czesci-zamienne\/\",\"name\":\"Cz\u0119\u015bci zamienne - RMCE\",\"isPartOf\":{\"@id\":\"https:\/\/rmce.pl\/#website\"},\"primaryImageOfPage\":{\"@id\":\"https:\/\/rmce.pl\/czesci-zamienne\/#primaryimage\"},\"image\":{\"@id\":\"https:\/\/rmce.pl\/czesci-zamienne\/#primaryimage\"},\"thumbnailUrl\":\"https:\/\/rmce.pl\/wp-content\/uploads\/2021\/11\/diaphr.png\",\"datePublished\":\"2021-11-24T10:01:41+00:00\",\"dateModified\":\"2024-11-12T22:37:40+00:00\",\"breadcrumb\":{\"@id\":\"https:\/\/rmce.pl\/czesci-zamienne\/#breadcrumb\"},\"inLanguage\":\"en-US\",\"potentialAction\":[{\"@type\":\"ReadAction\",\"target\":[\"https:\/\/rmce.pl\/czesci-zamienne\/\"]}]},{\"@type\":\"ImageObject\",\"inLanguage\":\"en-US\",\"@id\":\"https:\/\/rmce.pl\/czesci-zamienne\/#primaryimage\",\"url\":\"https:\/\/rmce.pl\/wp-content\/uploads\/2021\/11\/diaphr.png\",\"contentUrl\":\"https:\/\/rmce.pl\/wp-content\/uploads\/2021\/11\/diaphr.png\"},{\"@type\":\"BreadcrumbList\",\"@id\":\"https:\/\/rmce.pl\/czesci-zamienne\/#breadcrumb\",\"itemListElement\":[{\"@type\":\"ListItem\",\"position\":1,\"name\":\"Strona g\u0142\u00f3wna\",\"item\":\"https:\/\/rmce.pl\/\"},{\"@type\":\"ListItem\",\"position\":2,\"name\":\"Cz\u0119\u015bci zamienne\"}]},{\"@type\":\"WebSite\",\"@id\":\"https:\/\/rmce.pl\/#website\",\"url\":\"https:\/\/rmce.pl\/\",\"name\":\"RMCE\",\"description\":\"Remonty turbin, generator\u00f3w, in\u017cynieria, prace mechaniczne na \u0142o\u017cyskach, dostawy cz\u0119\u015bci\",\"publisher\":{\"@id\":\"https:\/\/rmce.pl\/#organization\"},\"potentialAction\":[{\"@type\":\"SearchAction\",\"target\":{\"@type\":\"EntryPoint\",\"urlTemplate\":\"https:\/\/rmce.pl\/?s={search_term_string}\"},\"query-input\":{\"@type\":\"PropertyValueSpecification\",\"valueRequired\":true,\"valueName\":\"search_term_string\"}}],\"inLanguage\":\"en-US\"},{\"@type\":\"Organization\",\"@id\":\"https:\/\/rmce.pl\/#organization\",\"name\":\"RMCE\",\"url\":\"https:\/\/rmce.pl\/\",\"logo\":{\"@type\":\"ImageObject\",\"inLanguage\":\"en-US\",\"@id\":\"https:\/\/rmce.pl\/#\/schema\/logo\/image\/\",\"url\":\"https:\/\/rmce.pl\/wp-content\/uploads\/2021\/02\/cropped-cropped-RMCE_logo_S_T-e1614452395329-1.png\",\"contentUrl\":\"https:\/\/rmce.pl\/wp-content\/uploads\/2021\/02\/cropped-cropped-RMCE_logo_S_T-e1614452395329-1.png\",\"width\":794,\"height\":254,\"caption\":\"RMCE\"},\"image\":{\"@id\":\"https:\/\/rmce.pl\/#\/schema\/logo\/image\/\"}}]}<\/script>\n<!-- \/ Yoast SEO plugin. -->","yoast_head_json":{"title":"Spare parts - RMCE","robots":{"index":"index","follow":"follow","max-snippet":"max-snippet:-1","max-image-preview":"max-image-preview:large","max-video-preview":"max-video-preview:-1"},"canonical":"https:\/\/rmce.pl\/en\/czesci-zamienne\/","og_locale":"en_US","og_type":"article","og_title":"Cz\u0119\u015bci zamienne - RMCE","og_description":"Codzienne i awaryjne utrzymanie urz\u0105dze\u0144 wymaga szybkich reakcji. Nasz zesp\u00f3\u0142 posiada wymagane do\u015bwiadczenie w procesie in\u017cynierii odwrotnej, wykonuj\u0105c zadanie z pe\u0142nym zrozumieniem w\u0142a\u015bciwego przeznaczenia element\u00f3w i \u015brodowiska pracy. Przy u\u017cyciu stosownych narz\u0119dzi przeprowadzany kontrol\u0119 wymiarow\u0105 element\u00f3w, zwracaj\u0105c szczeg\u00f3ln\u0105 uwag\u0119 na wymiary krytyczne i pasowania z uwzgl\u0119dnieniem potrzeb monta\u017cowych. Przygotowujemy dokumentacj\u0119 wykonawcz\u0105 i w razie potrzeby [&hellip;]","og_url":"https:\/\/rmce.pl\/en\/czesci-zamienne\/","og_site_name":"RMCE","article_modified_time":"2024-11-12T22:37:40+00:00","og_image":[{"width":608,"height":316,"url":"https:\/\/rmce.pl\/wp-content\/uploads\/2021\/11\/diaphr.png","type":"image\/png"}],"twitter_card":"summary_large_image","twitter_misc":{"Est. reading time":"2 minutes"},"schema":{"@context":"https:\/\/schema.org","@graph":[{"@type":"WebPage","@id":"https:\/\/rmce.pl\/czesci-zamienne\/","url":"https:\/\/rmce.pl\/czesci-zamienne\/","name":"Spare parts - RMCE","isPartOf":{"@id":"https:\/\/rmce.pl\/#website"},"primaryImageOfPage":{"@id":"https:\/\/rmce.pl\/czesci-zamienne\/#primaryimage"},"image":{"@id":"https:\/\/rmce.pl\/czesci-zamienne\/#primaryimage"},"thumbnailUrl":"https:\/\/rmce.pl\/wp-content\/uploads\/2021\/11\/diaphr.png","datePublished":"2021-11-24T10:01:41+00:00","dateModified":"2024-11-12T22:37:40+00:00","breadcrumb":{"@id":"https:\/\/rmce.pl\/czesci-zamienne\/#breadcrumb"},"inLanguage":"en-US","potentialAction":[{"@type":"ReadAction","target":["https:\/\/rmce.pl\/czesci-zamienne\/"]}]},{"@type":"ImageObject","inLanguage":"en-US","@id":"https:\/\/rmce.pl\/czesci-zamienne\/#primaryimage","url":"https:\/\/rmce.pl\/wp-content\/uploads\/2021\/11\/diaphr.png","contentUrl":"https:\/\/rmce.pl\/wp-content\/uploads\/2021\/11\/diaphr.png"},{"@type":"BreadcrumbList","@id":"https:\/\/rmce.pl\/czesci-zamienne\/#breadcrumb","itemListElement":[{"@type":"ListItem","position":1,"name":"Strona g\u0142\u00f3wna","item":"https:\/\/rmce.pl\/"},{"@type":"ListItem","position":2,"name":"Cz\u0119\u015bci zamienne"}]},{"@type":"WebSite","@id":"https:\/\/rmce.pl\/#website","url":"https:\/\/rmce.pl\/","name":"RMCE","description":"Overhaul of turbines, generators, engineering, mechanical work on bearings, parts supply","publisher":{"@id":"https:\/\/rmce.pl\/#organization"},"potentialAction":[{"@type":"SearchAction","target":{"@type":"EntryPoint","urlTemplate":"https:\/\/rmce.pl\/?s={search_term_string}"},"query-input":{"@type":"PropertyValueSpecification","valueRequired":true,"valueName":"search_term_string"}}],"inLanguage":"en-US"},{"@type":"Organization","@id":"https:\/\/rmce.pl\/#organization","name":"RMCE","url":"https:\/\/rmce.pl\/","logo":{"@type":"ImageObject","inLanguage":"en-US","@id":"https:\/\/rmce.pl\/#\/schema\/logo\/image\/","url":"https:\/\/rmce.pl\/wp-content\/uploads\/2021\/02\/cropped-cropped-RMCE_logo_S_T-e1614452395329-1.png","contentUrl":"https:\/\/rmce.pl\/wp-content\/uploads\/2021\/02\/cropped-cropped-RMCE_logo_S_T-e1614452395329-1.png","width":794,"height":254,"caption":"RMCE"},"image":{"@id":"https:\/\/rmce.pl\/#\/schema\/logo\/image\/"}}]}},"jetpack_sharing_enabled":true,"_links":{"self":[{"href":"https:\/\/rmce.pl\/en\/wp-json\/wp\/v2\/pages\/170","targetHints":{"allow":["GET"]}}],"collection":[{"href":"https:\/\/rmce.pl\/en\/wp-json\/wp\/v2\/pages"}],"about":[{"href":"https:\/\/rmce.pl\/en\/wp-json\/wp\/v2\/types\/page"}],"author":[{"embeddable":true,"href":"https:\/\/rmce.pl\/en\/wp-json\/wp\/v2\/users\/1"}],"replies":[{"embeddable":true,"href":"https:\/\/rmce.pl\/en\/wp-json\/wp\/v2\/comments?post=170"}],"version-history":[{"count":4,"href":"https:\/\/rmce.pl\/en\/wp-json\/wp\/v2\/pages\/170\/revisions"}],"predecessor-version":[{"id":395,"href":"https:\/\/rmce.pl\/en\/wp-json\/wp\/v2\/pages\/170\/revisions\/395"}],"wp:attachment":[{"href":"https:\/\/rmce.pl\/en\/wp-json\/wp\/v2\/media?parent=170"}],"curies":[{"name":"wp","href":"https:\/\/api.w.org\/{rel}","templated":true}]}}